{"id":2606,"date":"2025-10-29T16:33:35","date_gmt":"2025-10-29T16:33:35","guid":{"rendered":"https:\/\/new-ageco.com\/?post_type=product&#038;p=2606"},"modified":"2025-11-01T07:11:44","modified_gmt":"2025-11-01T07:11:44","slug":"light-saddle","status":"publish","type":"product","link":"https:\/\/new-ageco.com\/ar\/product\/light-saddle\/","title":{"rendered":"LIGHT SADDLE"},"content":{"rendered":"<h3><b>Product Designation System<\/b><\/h3>\n<p><b>NAC-LS-XX | NAC = New Age Corporation | LS = Light Saddle | XX = Nominal pipe size (DN)<\/b><\/p>\n<h2><b>Complete Technical Specifications<\/b><\/h2>\n<table>\n<tbody>\n<tr>\n<td><b>Specification<\/b><\/td>\n<td><b>Details<\/b><\/td>\n<td><b>Specification<\/b><\/td>\n<td><b>Details<\/b><\/td>\n<\/tr>\n<tr>\n<td><b>Material<\/b><\/td>\n<td><span style=\"font-weight: 400\">Mild Steel (ES 138 \/ A36)<\/span><\/td>\n<td><b>Construction<\/b><\/td>\n<td><span style=\"font-weight: 400\">Single-piece cold-formed<\/span><\/td>\n<\/tr>\n<tr>\n<td><b>Wall Thickness<\/b><\/td>\n<td><span style=\"font-weight: 400\">1.5mm (standard)<\/span><\/td>\n<td><b>Pipe Size Range<\/b><\/td>\n<td><span style=\"font-weight: 400\">DN15 to DN100 (\u00bd&#8221; to 4&#8243;)<\/span><\/td>\n<\/tr>\n<tr>\n<td><b>Finish Options<\/b><\/td>\n<td><span style=\"font-weight: 400\">Electro-Galv \/ Hot-Dip \/ Pre-Galv \/ Plain<\/span><\/td>\n<td><b>Operating Temp<\/b><\/td>\n<td><span style=\"font-weight: 400\">-20\u00b0C to +150\u00b0C<\/span><\/td>\n<\/tr>\n<tr>\n<td><b>Mounting Hardware<\/b><\/td>\n<td><span style=\"font-weight: 400\">M6, M8, or M10 (not included)<\/span><\/td>\n<td><b>Mounting Orientation<\/b><\/td>\n<td><span style=\"font-weight: 400\">Walls, ceilings, or beams<\/span><\/td>\n<\/tr>\n<tr>\n<td><b>Supported Pipe Types<\/b><\/td>\n<td><span style=\"font-weight: 400\">Steel, copper, PVC, EMT conduit<\/span><\/td>\n<td><b>Weight<\/b><\/td>\n<td><span style=\"font-weight: 400\">Varies by size: 35g\u2013450g<\/span><\/td>\n<\/tr>\n<\/tbody>\n<\/table>\n<h2><b>Load Capacity &amp; Support Spacing Guidelines<\/b><\/h2>\n<h3><b>Ceiling Installation (Overhead Mounting)<\/b><\/h3>\n<p><i><span style=\"font-weight: 400\">The following load capacities are based on a 3:1 safety factor for ceiling-mounted applications using threaded rod or expansion anchors in concrete.<\/span><\/i><\/p>\n<table>\n<tbody>\n<tr>\n<td><b>Product Code<\/b><\/td>\n<td><b>Pipe Size<\/b><\/td>\n<td><b>Working Load (Ceiling)<\/b><\/td>\n<td><b>Max Spacing<\/b><\/td>\n<td><b>Fastener<\/b><\/td>\n<\/tr>\n<tr>\n<td><b>NAC-LS-15<\/b><\/td>\n<td><span style=\"font-weight: 400\">\u00bd&#8221; (DN15)<\/span><\/td>\n<td><b>25 kg<\/b><\/td>\n<td><span style=\"font-weight: 400\">1.0 m<\/span><\/td>\n<td><span style=\"font-weight: 400\">M6<\/span><\/td>\n<\/tr>\n<tr>\n<td><b>NAC-LS-20<\/b><\/td>\n<td><span style=\"font-weight: 400\">\u00be&#8221; (DN20)<\/span><\/td>\n<td><b>30 kg<\/b><\/td>\n<td><span style=\"font-weight: 400\">1.2 m<\/span><\/td>\n<td><span style=\"font-weight: 400\">M6<\/span><\/td>\n<\/tr>\n<tr>\n<td><b>NAC-LS-25<\/b><\/td>\n<td><span style=\"font-weight: 400\">1&#8243; (DN25)<\/span><\/td>\n<td><b>40 kg<\/b><\/td>\n<td><span style=\"font-weight: 400\">1.5 m<\/span><\/td>\n<td><span style=\"font-weight: 400\">M8<\/span><\/td>\n<\/tr>\n<tr>\n<td><b>NAC-LS-32<\/b><\/td>\n<td><span style=\"font-weight: 400\">1\u00bc&#8221; (DN32)<\/span><\/td>\n<td><b>50 kg<\/b><\/td>\n<td><span style=\"font-weight: 400\">1.8 m<\/span><\/td>\n<td><span style=\"font-weight: 400\">M8<\/span><\/td>\n<\/tr>\n<tr>\n<td><b>NAC-LS-40<\/b><\/td>\n<td><span style=\"font-weight: 400\">1\u00bd&#8221; (DN40)<\/span><\/td>\n<td><b>60 kg<\/b><\/td>\n<td><span style=\"font-weight: 400\">2.0 m<\/span><\/td>\n<td><span style=\"font-weight: 400\">M8<\/span><\/td>\n<\/tr>\n<tr>\n<td><b>NAC-LS-50<\/b><\/td>\n<td><span style=\"font-weight: 400\">2&#8243; (DN50)<\/span><\/td>\n<td><b>80 kg<\/b><\/td>\n<td><span style=\"font-weight: 400\">2.2 m<\/span><\/td>\n<td><span style=\"font-weight: 400\">M10<\/span><\/td>\n<\/tr>\n<tr>\n<td><b>NAC-LS-65<\/b><\/td>\n<td><span style=\"font-weight: 400\">2\u00bd&#8221; (DN65)<\/span><\/td>\n<td><b>100 kg<\/b><\/td>\n<td><span style=\"font-weight: 400\">2.5 m<\/span><\/td>\n<td><span style=\"font-weight: 400\">M10<\/span><\/td>\n<\/tr>\n<tr>\n<td><b>NAC-LS-80<\/b><\/td>\n<td><span style=\"font-weight: 400\">3&#8243; (DN80)<\/span><\/td>\n<td><b>120 kg<\/b><\/td>\n<td><span style=\"font-weight: 400\">2.7 m<\/span><\/td>\n<td><span style=\"font-weight: 400\">M10<\/span><\/td>\n<\/tr>\n<tr>\n<td><b>NAC-LS-100<\/b><\/td>\n<td><span style=\"font-weight: 400\">4&#8243; (DN100)<\/span><\/td>\n<td><b>160 kg<\/b><\/td>\n<td><span style=\"font-weight: 400\">3.0 m<\/span><\/td>\n<td><span style=\"font-weight: 400\">M10<\/span><\/td>\n<\/tr>\n<\/tbody>\n<\/table>\n<h3><b>Wall Installation (Vertical Mounting)<\/b><\/h3>\n<p><i><span style=\"font-weight: 400\">For wall-mounted applications, load capacity increases by approximately 20% due to direct substrate contact.<\/span><\/i><\/p>\n<table>\n<tbody>\n<tr>\n<td><b>Product Code<\/b><\/td>\n<td><b>Pipe Size<\/b><\/td>\n<td><b>Working Load (Wall)<\/b><\/td>\n<td><b>Max Spacing<\/b><\/td>\n<td><b>Fastener<\/b><\/td>\n<\/tr>\n<tr>\n<td><b>NAC-LS-15<\/b><\/td>\n<td><span style=\"font-weight: 400\">\u00bd&#8221; (DN15)<\/span><\/td>\n<td><b>30 kg<\/b><\/td>\n<td><span style=\"font-weight: 400\">1.2 m<\/span><\/td>\n<td><span style=\"font-weight: 400\">M6<\/span><\/td>\n<\/tr>\n<tr>\n<td><b>NAC-LS-20<\/b><\/td>\n<td><span style=\"font-weight: 400\">\u00be&#8221; (DN20)<\/span><\/td>\n<td><b>36 kg<\/b><\/td>\n<td><span style=\"font-weight: 400\">1.5 m<\/span><\/td>\n<td><span style=\"font-weight: 400\">M6<\/span><\/td>\n<\/tr>\n<tr>\n<td><b>NAC-LS-25<\/b><\/td>\n<td><span style=\"font-weight: 400\">1&#8243; (DN25)<\/span><\/td>\n<td><b>48 kg<\/b><\/td>\n<td><span style=\"font-weight: 400\">1.8 m<\/span><\/td>\n<td><span style=\"font-weight: 400\">M8<\/span><\/td>\n<\/tr>\n<tr>\n<td><b>NAC-LS-32<\/b><\/td>\n<td><span style=\"font-weight: 400\">1\u00bc&#8221; (DN32)<\/span><\/td>\n<td><b>60 kg<\/b><\/td>\n<td><span style=\"font-weight: 400\">2.0 m<\/span><\/td>\n<td><span style=\"font-weight: 400\">M8<\/span><\/td>\n<\/tr>\n<tr>\n<td><b>NAC-LS-40<\/b><\/td>\n<td><span style=\"font-weight: 400\">1\u00bd&#8221; (DN40)<\/span><\/td>\n<td><b>72 kg<\/b><\/td>\n<td><span style=\"font-weight: 400\">2.2 m<\/span><\/td>\n<td><span style=\"font-weight: 400\">M8<\/span><\/td>\n<\/tr>\n<tr>\n<td><b>NAC-LS-50<\/b><\/td>\n<td><span style=\"font-weight: 400\">2&#8243; (DN50)<\/span><\/td>\n<td><b>96 kg<\/b><\/td>\n<td><span style=\"font-weight: 400\">2.5 m<\/span><\/td>\n<td><span style=\"font-weight: 400\">M10<\/span><\/td>\n<\/tr>\n<tr>\n<td><b>NAC-LS-65<\/b><\/td>\n<td><span style=\"font-weight: 400\">2\u00bd&#8221; (DN65)<\/span><\/td>\n<td><b>120 kg<\/b><\/td>\n<td><span style=\"font-weight: 400\">2.7 m<\/span><\/td>\n<td><span style=\"font-weight: 400\">M10<\/span><\/td>\n<\/tr>\n<tr>\n<td><b>NAC-LS-80<\/b><\/td>\n<td><span style=\"font-weight: 400\">3&#8243; (DN80)<\/span><\/td>\n<td><b>144 kg<\/b><\/td>\n<td><span style=\"font-weight: 400\">3.0 m<\/span><\/td>\n<td><span style=\"font-weight: 400\">M10<\/span><\/td>\n<\/tr>\n<tr>\n<td><b>NAC-LS-100<\/b><\/td>\n<td><span style=\"font-weight: 400\">4&#8243; (DN100)<\/span><\/td>\n<td><b>192 kg<\/b><\/td>\n<td><span style=\"font-weight: 400\">3.0 m<\/span><\/td>\n<td><span style=\"font-weight: 400\">M10<\/span><\/td>\n<\/tr>\n<\/tbody>\n<\/table>\n<p><i><span style=\"font-weight: 400\">Note: Spacing requirements may vary based on pipe content, insulation, and local codes. For heavily loaded systems or pipes larger than DN100, specify Half Saddle (wall-only) or Pipe Hangers (suspended loads).<\/span><\/i><\/p>\n<h2><b>Dimensional Specifications<\/b><\/h2>\n<table>\n<tbody>\n<tr>\n<td><b>Code<\/b><\/td>\n<td><b>Pipe OD (mm)<\/b><\/td>\n<td><b>Saddle ID (mm)<\/b><\/td>\n<td><b>Width (mm)<\/b><\/td>\n<td><b>Hole \u00d8 (mm)<\/b><\/td>\n<td><b>Hole Spacing<\/b><\/td>\n<td><b>Height (mm)<\/b><\/td>\n<\/tr>\n<tr>\n<td><b>NAC-LS-15<\/b><\/td>\n<td><span style=\"font-weight: 400\">21.3<\/span><\/td>\n<td><span style=\"font-weight: 400\">22\u201323<\/span><\/td>\n<td><span style=\"font-weight: 400\">28<\/span><\/td>\n<td><span style=\"font-weight: 400\">7<\/span><\/td>\n<td><span style=\"font-weight: 400\">38 mm<\/span><\/td>\n<td><span style=\"font-weight: 400\">25<\/span><\/td>\n<\/tr>\n<tr>\n<td><b>NAC-LS-20<\/b><\/td>\n<td><span style=\"font-weight: 400\">26.7<\/span><\/td>\n<td><span style=\"font-weight: 400\">27\u201328<\/span><\/td>\n<td><span style=\"font-weight: 400\">32<\/span><\/td>\n<td><span style=\"font-weight: 400\">7<\/span><\/td>\n<td><span style=\"font-weight: 400\">42 mm<\/span><\/td>\n<td><span style=\"font-weight: 400\">28<\/span><\/td>\n<\/tr>\n<tr>\n<td><b>NAC-LS-25<\/b><\/td>\n<td><span style=\"font-weight: 400\">33.4<\/span><\/td>\n<td><span style=\"font-weight: 400\">34\u201335<\/span><\/td>\n<td><span style=\"font-weight: 400\">38<\/span><\/td>\n<td><span style=\"font-weight: 400\">9<\/span><\/td>\n<td><span style=\"font-weight: 400\">48 mm<\/span><\/td>\n<td><span style=\"font-weight: 400\">32<\/span><\/td>\n<\/tr>\n<tr>\n<td><b>NAC-LS-32<\/b><\/td>\n<td><span style=\"font-weight: 400\">42.1<\/span><\/td>\n<td><span style=\"font-weight: 400\">43\u201344<\/span><\/td>\n<td><span style=\"font-weight: 400\">46<\/span><\/td>\n<td><span style=\"font-weight: 400\">9<\/span><\/td>\n<td><span style=\"font-weight: 400\">56 mm<\/span><\/td>\n<td><span style=\"font-weight: 400\">38<\/span><\/td>\n<\/tr>\n<tr>\n<td><b>NAC-LS-40<\/b><\/td>\n<td><span style=\"font-weight: 400\">48.2<\/span><\/td>\n<td><span style=\"font-weight: 400\">49\u201350<\/span><\/td>\n<td><span style=\"font-weight: 400\">52<\/span><\/td>\n<td><span style=\"font-weight: 400\">9<\/span><\/td>\n<td><span style=\"font-weight: 400\">62 mm<\/span><\/td>\n<td><span style=\"font-weight: 400\">42<\/span><\/td>\n<\/tr>\n<tr>\n<td><b>NAC-LS-50<\/b><\/td>\n<td><span style=\"font-weight: 400\">60.3<\/span><\/td>\n<td><span style=\"font-weight: 400\">61\u201362<\/span><\/td>\n<td><span style=\"font-weight: 400\">62<\/span><\/td>\n<td><span style=\"font-weight: 400\">11<\/span><\/td>\n<td><span style=\"font-weight: 400\">72 mm<\/span><\/td>\n<td><span style=\"font-weight: 400\">50<\/span><\/td>\n<\/tr>\n<tr>\n<td><b>NAC-LS-65<\/b><\/td>\n<td><span style=\"font-weight: 400\">73.0<\/span><\/td>\n<td><span style=\"font-weight: 400\">74\u201375<\/span><\/td>\n<td><span style=\"font-weight: 400\">72<\/span><\/td>\n<td><span style=\"font-weight: 400\">11<\/span><\/td>\n<td><span style=\"font-weight: 400\">82 mm<\/span><\/td>\n<td><span style=\"font-weight: 400\">58<\/span><\/td>\n<\/tr>\n<tr>\n<td><b>NAC-LS-80<\/b><\/td>\n<td><span style=\"font-weight: 400\">88.9<\/span><\/td>\n<td><span style=\"font-weight: 400\">90\u201391<\/span><\/td>\n<td><span style=\"font-weight: 400\">86<\/span><\/td>\n<td><span style=\"font-weight: 400\">11<\/span><\/td>\n<td><span style=\"font-weight: 400\">96 mm<\/span><\/td>\n<td><span style=\"font-weight: 400\">68<\/span><\/td>\n<\/tr>\n<tr>\n<td><b>NAC-LS-100<\/b><\/td>\n<td><span style=\"font-weight: 400\">114.3<\/span><\/td>\n<td><span style=\"font-weight: 400\">115\u2013117<\/span><\/td>\n<td><span style=\"font-weight: 400\">105<\/span><\/td>\n<td><span style=\"font-weight: 400\">11<\/span><\/td>\n<td><span style=\"font-weight: 400\">115 mm<\/span><\/td>\n<td><span style=\"font-weight: 400\">85<\/span><\/td>\n<\/tr>\n<\/tbody>\n<\/table>\n<h2><b>Material &amp; Finish Specifications<\/b><\/h2>\n<table>\n<tbody>\n<tr>\n<td><b>Finish Type<\/b><\/td>\n<td><b>Coating Specification<\/b><\/td>\n<td><b>Recommended Application<\/b><\/td>\n<\/tr>\n<tr>\n<td><b>Electro-Galvanized (EG)<\/b><\/td>\n<td><span style=\"font-weight: 400\">12\u201325 \u03bcm per ASTM B633<\/span><\/td>\n<td><span style=\"font-weight: 400\">Indoor dry environments, equipment rooms, electrical conduit<\/span><\/td>\n<\/tr>\n<tr>\n<td><b>Hot-Dip Galvanized (HDG)<\/b><\/td>\n<td><span style=\"font-weight: 400\">\u226555 \u03bcm per ASTM A153<\/span><\/td>\n<td><span style=\"font-weight: 400\">Outdoor, coastal, humid areas, HVAC systems<\/span><\/td>\n<\/tr>\n<tr>\n<td><b>Pre-Galvanized (PG)<\/b><\/td>\n<td><span style=\"font-weight: 400\">Standard mill coating<\/span><\/td>\n<td><span style=\"font-weight: 400\">General construction, moderate indoor conditions<\/span><\/td>\n<\/tr>\n<tr>\n<td><b>Plain (Uncoated)<\/b><\/td>\n<td><span style=\"font-weight: 400\">No coating<\/span><\/td>\n<td><span style=\"font-weight: 400\">Paint-ready or controlled indoor environments<\/span><\/td>\n<\/tr>\n<\/tbody>\n<\/table>\n<h2><b>Wall &amp; Ceiling Mounting Capabilities<\/b><\/h2>\n<p><span style=\"font-weight: 400\">The Light Saddle is uniquely designed for <\/span><b>dual-orientation support<\/b><span style=\"font-weight: 400\">, making it suitable for:<\/span><\/p>\n<h3><b>Wall Installations<\/b><\/h3>\n<ul>\n<li style=\"font-weight: 400\"><span style=\"font-weight: 400\">Routing mechanical or electrical lines along corridors and equipment rooms<\/span><\/li>\n<li style=\"font-weight: 400\"><span style=\"font-weight: 400\">Maintaining consistent pipe spacing and alignment across long linear runs<\/span><\/li>\n<li style=\"font-weight: 400\"><span style=\"font-weight: 400\">Supporting riser branches and vertical distribution<\/span><\/li>\n<\/ul>\n<h3><b>Ceiling Installations<\/b><\/h3>\n<ul>\n<li style=\"font-weight: 400\"><span style=\"font-weight: 400\">Supporting overhead distribution where loads are light to moderate<\/span><\/li>\n<li style=\"font-weight: 400\"><span style=\"font-weight: 400\">Ideal for continuous conduit or small piping in service spaces<\/span><\/li>\n<li style=\"font-weight: 400\"><span style=\"font-weight: 400\">Multi-line ceiling bundles and EMT conduit banks<\/span><\/li>\n<\/ul>\n<h3><b>Key Distinction from Half Saddle<\/b><\/h3>\n<table>\n<tbody>\n<tr>\n<td><b>Feature<\/b><\/td>\n<td><b>Light Saddle (NAC-LS)<\/b><\/td>\n<td><b>Half Saddle (NAC-HS)<\/b><\/td>\n<\/tr>\n<tr>\n<td><b>Mounting<\/b><\/td>\n<td><span style=\"font-weight: 400\">Walls AND ceilings<\/span><\/td>\n<td><span style=\"font-weight: 400\">Walls ONLY (vertical)<\/span><\/td>\n<\/tr>\n<tr>\n<td><b>Load Range<\/b><\/td>\n<td><span style=\"font-weight: 400\">Light to moderate (25\u2013192 kg)<\/span><\/td>\n<td><span style=\"font-weight: 400\">Moderate to heavy (35\u2013350 kg)<\/span><\/td>\n<\/tr>\n<tr>\n<td><b>Typical Use<\/b><\/td>\n<td><span style=\"font-weight: 400\">Multi-line routing, conduit, branch lines<\/span><\/td>\n<td><span style=\"font-weight: 400\">Main distribution, risers, heavy piping<\/span><\/td>\n<\/tr>\n<tr>\n<td><b>Wall Thickness<\/b><\/td>\n<td><span style=\"font-weight: 400\">1.5mm<\/span><\/td>\n<td><span style=\"font-weight: 400\">2.0mm<\/span><\/td>\n<\/tr>\n<tr>\n<td><b>Profile<\/b><\/td>\n<td><span style=\"font-weight: 400\">Balanced for dual orientation<\/span><\/td>\n<td><span style=\"font-weight: 400\">Optimized for wall support only<\/span><\/td>\n<\/tr>\n<\/tbody>\n<\/table>\n<h2><b>Application Selection Guide<\/b><\/h2>\n<table>\n<tbody>\n<tr>\n<td><b>System<\/b><\/td>\n<td><b>Typical Use<\/b><\/td>\n<td><b>Common Sizes<\/b><\/td>\n<td><b>Recommended Finish<\/b><\/td>\n<td><b>Mounting<\/b><\/td>\n<\/tr>\n<tr>\n<td><b>HVAC Condensate<\/b><\/td>\n<td><span style=\"font-weight: 400\">Ceiling-mounted drain runs<\/span><\/td>\n<td><span style=\"font-weight: 400\">DN15\u2013DN40<\/span><\/td>\n<td><span style=\"font-weight: 400\">Hot-Dip Galvanized<\/span><\/td>\n<td><span style=\"font-weight: 400\">Ceiling<\/span><\/td>\n<\/tr>\n<tr>\n<td><b>Electrical Conduit<\/b><\/td>\n<td><span style=\"font-weight: 400\">Service rooms and riser banks<\/span><\/td>\n<td><span style=\"font-weight: 400\">DN15\u2013DN50<\/span><\/td>\n<td><span style=\"font-weight: 400\">Electro-Galvanized<\/span><\/td>\n<td><span style=\"font-weight: 400\">Wall\/Ceiling<\/span><\/td>\n<\/tr>\n<tr>\n<td><b>Plumbing Branches<\/b><\/td>\n<td><span style=\"font-weight: 400\">Wall-supported distribution<\/span><\/td>\n<td><span style=\"font-weight: 400\">DN20\u2013DN65<\/span><\/td>\n<td><span style=\"font-weight: 400\">Pre-Galvanized<\/span><\/td>\n<td><span style=\"font-weight: 400\">Wall<\/span><\/td>\n<\/tr>\n<tr>\n<td><b>Low-Pressure Process<\/b><\/td>\n<td><span style=\"font-weight: 400\">Equipment rooms and shafts<\/span><\/td>\n<td><span style=\"font-weight: 400\">DN25\u2013DN80<\/span><\/td>\n<td><span style=\"font-weight: 400\">Electro-Galvanized<\/span><\/td>\n<td><span style=\"font-weight: 400\">Wall\/Ceiling<\/span><\/td>\n<\/tr>\n<tr>\n<td><b>Cable Tray Support<\/b><\/td>\n<td><span style=\"font-weight: 400\">Light cable runs and supports<\/span><\/td>\n<td><span style=\"font-weight: 400\">DN25\u2013DN50<\/span><\/td>\n<td><span style=\"font-weight: 400\">Electro-Galvanized<\/span><\/td>\n<td><span style=\"font-weight: 400\">Ceiling<\/span><\/td>\n<\/tr>\n<\/tbody>\n<\/table>\n<h2><b>Support Limitations &amp; Product Selection<\/b><\/h2>\n<h3><b>When NOT to Use Light Saddle<\/b><\/h3>\n<p><span style=\"font-weight: 400\">\u274c <\/span><b>Large-diameter mechanical mains<\/b><span style=\"font-weight: 400\"> (&gt;DN100)<\/span><span style=\"font-weight: 400\"><br \/>\n<\/span><span style=\"font-weight: 400\"> \u274c <\/span><b>Heavily loaded piping systems<\/b><span style=\"font-weight: 400\"> (&gt;192 kg per support point)<\/span><span style=\"font-weight: 400\"><br \/>\n<\/span><span style=\"font-weight: 400\"> \u274c <\/span><b>High-pressure steam or refrigerant lines<\/b><b><br \/>\n<\/b><span style=\"font-weight: 400\"> \u274c <\/span><b>Critical seismic-rated installations<\/b><span style=\"font-weight: 400\"> without additional bracing<\/span><\/p>\n<h3><b>Recommended Alternatives<\/b><\/h3>\n<p><span style=\"font-weight: 400\">For applications beyond Light Saddle capacity, specify:<\/span><\/p>\n<ul>\n<li style=\"font-weight: 400\"><b>Half Saddle (NAC-HS):<\/b><span style=\"font-weight: 400\"> For vertical wall-only mounting of heavier pipes (up to DN150, 350 kg)<\/span><\/li>\n<li style=\"font-weight: 400\"><b>Pipe Hangers:<\/b><span style=\"font-weight: 400\"> For suspended ceiling-mounted loads requiring adjustable height<\/span><\/li>\n<li style=\"font-weight: 400\"><b>U-Bolts:<\/b><span style=\"font-weight: 400\"> For secure clamping of vibrating or high-pressure lines<\/span><\/li>\n<\/ul>\n<h2><b>Installation Requirements<\/b><\/h2>\n<h3><b>Pre-Installation Checklist<\/b><\/h3>\n<ul>\n<li style=\"font-weight: 400\"><span style=\"font-weight: 400\">Verify substrate load-bearing capacity (minimum 5 MPa for concrete ceiling, 3 MPa for walls)<\/span><\/li>\n<li style=\"font-weight: 400\"><span style=\"font-weight: 400\">Confirm pipe size matches Light Saddle diameter specification<\/span><\/li>\n<li style=\"font-weight: 400\"><span style=\"font-weight: 400\">Select appropriate mounting method:<\/span>\n<ul>\n<li style=\"font-weight: 400\"><b>Ceiling:<\/b><span style=\"font-weight: 400\"> Threaded rod with concrete inserts or expansion anchors<\/span><\/li>\n<li style=\"font-weight: 400\"><b>Walls:<\/b><span style=\"font-weight: 400\"> Expansion anchors for concrete\/brick, toggle bolts for hollow block<\/span><\/li>\n<\/ul>\n<\/li>\n<li style=\"font-weight: 400\"><span style=\"font-weight: 400\">Ensure mounting surface is clean, level, and free from deterioration<\/span><\/li>\n<\/ul>\n<h3><b>Installation Procedure<\/b><\/h3>\n<ol>\n<li><b> Mark support locations per spacing table above<\/b><\/li>\n<\/ol>\n<p><span style=\"font-weight: 400\">Use laser level or chalk line to ensure proper alignment across run<\/span><\/p>\n<ol start=\"2\">\n<li><b> For ceiling installation: Install threaded rod or anchor<\/b><\/li>\n<\/ol>\n<p><span style=\"font-weight: 400\">Drill to manufacturer specifications; typical: 10mm \u00d8 \u00d7 60mm depth for M6, 12mm \u00d7 70mm for M8\/M10<\/span><\/p>\n<ol start=\"3\">\n<li><b> For wall installation: Position saddle and mark holes<\/b><\/li>\n<\/ol>\n<p><span style=\"font-weight: 400\">Verify hole spacing matches saddle mounting holes (see dimensional table)<\/span><\/p>\n<ol start=\"4\">\n<li><b> Secure Light Saddle to substrate or threaded rod<\/b><\/li>\n<\/ol>\n<p><span style=\"font-weight: 400\">Recommended torque: 10 Nm for M6, 20 Nm for M8, 35 Nm for M10<\/span><span style=\"font-weight: 400\"><br \/>\n<\/span> <b>CRITICAL:<\/b><span style=\"font-weight: 400\"> Do not overtighten \u2013 avoid deforming saddle profile<\/span><\/p>\n<ol start=\"5\">\n<li><b> Place pipe\/conduit into saddle channel<\/b><\/li>\n<\/ol>\n<p><span style=\"font-weight: 400\">Ensure full seating along saddle arc; pipe should not rock or pivot<\/span><\/p>\n<ol start=\"6\">\n<li><b> Verify alignment and support continuity along entire pipe run<\/b><\/li>\n<\/ol>\n<p><span style=\"font-weight: 400\">Check for consistent spacing and proper load distribution<\/span><\/p>\n<h2><b>Why Specify New Age Light Saddles?<\/b><\/h2>\n<table>\n<tbody>\n<tr>\n<td><b>Advantage<\/b><\/td>\n<td><b>Benefit to Your Project<\/b><\/td>\n<\/tr>\n<tr>\n<td><b>Dual-Orientation Design<\/b><\/td>\n<td><span style=\"font-weight: 400\">Single product for both wall and ceiling mounting \u2013 reduces inventory, simplifies procurement<\/span><\/td>\n<\/tr>\n<tr>\n<td><b>Precision-Formed Geometry<\/b><\/td>\n<td><span style=\"font-weight: 400\">Faster installation, consistent pipe seating, minimal field adjustment<\/span><\/td>\n<\/tr>\n<tr>\n<td><b>Automated Fabrication<\/b><\/td>\n<td><span style=\"font-weight: 400\">Uniform hole spacing and batch repeatability across orders<\/span><\/td>\n<\/tr>\n<tr>\n<td><b>Certified Galvanization<\/b><\/td>\n<td><span style=\"font-weight: 400\">Extended service life in humid, coastal, or high-corrosion environments<\/span><\/td>\n<\/tr>\n<tr>\n<td><b>100% Egyptian Manufacturing<\/b><\/td>\n<td><span style=\"font-weight: 400\">3\u20137 day delivery (Cairo\/Giza), stable pricing, local technical support<\/span><\/td>\n<\/tr>\n<tr>\n<td><b>Standardized Thickness<\/b><\/td>\n<td><span style=\"font-weight: 400\">Reliable performance and predictable load capacity across installations<\/span><\/td>\n<\/tr>\n<\/tbody>\n<\/table>\n<h2><b>Standards &amp; Certifications<\/b><\/h2>\n<ul>\n<li style=\"font-weight: 400\"><span style=\"font-weight: 400\">\u2713 <\/span><b>Egyptian Mechanical Code<\/b><span style=\"font-weight: 400\"> \u2013 Support spacing, mounting practices, load calculations<\/span><\/li>\n<li style=\"font-weight: 400\"><span style=\"font-weight: 400\">\u2713 <\/span><b>MSS SP-58<\/b><span style=\"font-weight: 400\"> \u2013 Pipe hanger and support geometry equivalence<\/span><\/li>\n<li style=\"font-weight: 400\"><span style=\"font-weight: 400\">\u2713 <\/span><b>ASTM B633<\/b><span style=\"font-weight: 400\"> \u2013 Electro-Galvanized coating specification (12\u201325 \u03bcm)<\/span><\/li>\n<li style=\"font-weight: 400\"><span style=\"font-weight: 400\">\u2713 <\/span><b>ASTM A153<\/b><span style=\"font-weight: 400\"> \u2013 Hot-Dip Galvanized coating specification (\u226555 \u03bcm)<\/span><\/li>\n<li style=\"font-weight: 400\"><span style=\"font-weight: 400\">\u2713 <\/span><b>Egyptian Standard ES 138<\/b><span style=\"font-weight: 400\"> \u2013 Mild steel material classification (equivalent to ASTM A36)<\/span><\/li>\n<li style=\"font-weight: 400\"><span style=\"font-weight: 400\">\u2713 <\/span><b>ISO 9001:2015<\/b><span style=\"font-weight: 400\"> \u2013 Quality management system certification<\/span><\/li>\n<\/ul>\n<h2><b>Engineering Support<\/b><\/h2>\n<p><b>Technical Assistance:<\/b><span style=\"font-weight: 400\"> Consultant submittals, support spacing recommendations, fastener selection guidance, on-site coordination during installation<\/span><\/p>\n<p><b>Response Time:<\/b><span style=\"font-weight: 400\"> Technical queries answered within 24 hours<\/span><\/p>\n<p><b>After-Sales Support:<\/b><span style=\"font-weight: 400\"> Product issue resolution, installation troubleshooting, fast replacement for defects<\/span><\/p>\n<p><b>Custom Solutions:<\/b><span style=\"font-weight: 400\"> Custom sizing or special coating finishes available per project requirements<\/span><\/p>\n<h2><b>Trusted on Major Projects<\/b><\/h2>\n<p><span style=\"font-weight: 400\">New Age Light Saddles are specified across Egypt&#8217;s most demanding infrastructure installations:<\/span><\/p>\n<ul>\n<li style=\"font-weight: 400\"><span style=\"font-weight: 400\">New Administrative Capital \u2013 Multi-line conduit routing in government buildings<\/span><\/li>\n<li style=\"font-weight: 400\"><span style=\"font-weight: 400\">Opera House Complex \u2013 HVAC condensate and electrical distribution<\/span><\/li>\n<li style=\"font-weight: 400\"><span style=\"font-weight: 400\">Military Complex Projects \u2013 Secure facility mechanical systems<\/span><\/li>\n<li style=\"font-weight: 400\"><span style=\"font-weight: 400\">New Giza Development \u2013 Residential tower plumbing and electrical<\/span><\/li>\n<li style=\"font-weight: 400\"><span style=\"font-weight: 400\">Upper Egypt Infrastructure \u2013 Hospital and facility utility systems<\/span><\/li>\n<\/ul>\n<p><i><span style=\"font-weight: 400\">Trusted by leading contractors: Orascom Construction, Hassan Allam Holding, Arab Contractors<\/span><\/i><\/p>\n<p>&nbsp;<\/p>\n<h1><b>NEW AGE<\/b><\/h1>\n<p><i><span style=\"font-weight: 400\">\u062f\u0639\u0645 \u0645\u0627 \u064a\u0628\u0646\u064a \u0627\u0644\u0645\u0633\u062a\u0642\u0628\u0644<\/span><\/i><\/p>\n<p><span style=\"font-weight: 400\">100% Egyptian Manufacturing | ISO 9001:2015 Certified | Trusted by Egypt&#8217;s Top Contractors<\/span><\/p>","protected":false},"excerpt":{"rendered":"<h2><b>LIGHT SADDLE | NAC-LS Series<\/b><\/h2>\n<h3><b>Dual-Orientation Pipe &amp; Conduit Support | Wall &#8230; <\/p>","protected":false},"featured_media":2728,"comment_status":"open","ping_status":"closed","template":"","meta":{"_acf_changed":false},"product_brand":[],"product_cat":[96],"product_tag":[],"class_list":{"0":"post-2606","1":"product","2":"type-product","3":"status-publish","4":"has-post-thumbnail","6":"product_cat-hvac-solutions","8":"first","9":"instock","10":"shipping-taxable","11":"product-type-simple"},"acf":[],"_links":{"self":[{"href":"https:\/\/new-ageco.com\/ar\/wp-json\/wp\/v2\/product\/2606","targetHints":{"allow":["GET"]}}],"collection":[{"href":"https:\/\/new-ageco.com\/ar\/wp-json\/wp\/v2\/product"}],"about":[{"href":"https:\/\/new-ageco.com\/ar\/wp-json\/wp\/v2\/types\/product"}],"replies":[{"embeddable":true,"href":"https:\/\/new-ageco.com\/ar\/wp-json\/wp\/v2\/comments?post=2606"}],"wp:featuredmedia":[{"embeddable":true,"href":"https:\/\/new-ageco.com\/ar\/wp-json\/wp\/v2\/media\/2728"}],"wp:attachment":[{"href":"https:\/\/new-ageco.com\/ar\/wp-json\/wp\/v2\/media?parent=2606"}],"wp:term":[{"taxonomy":"product_brand","embeddable":true,"href":"https:\/\/new-ageco.com\/ar\/wp-json\/wp\/v2\/product_brand?post=2606"},{"taxonomy":"product_cat","embeddable":true,"href":"https:\/\/new-ageco.com\/ar\/wp-json\/wp\/v2\/product_cat?post=2606"},{"taxonomy":"product_tag","embeddable":true,"href":"https:\/\/new-ageco.com\/ar\/wp-json\/wp\/v2\/product_tag?post=2606"}],"curies":[{"name":"wp","href":"https:\/\/api.w.org\/{rel}","templated":true}]}}